{"id":15840,"date":"2024-12-13T10:54:04","date_gmt":"2024-12-13T10:54:04","guid":{"rendered":"http:\/\/icco-instal.macrosight.co\/?page_id=15840"},"modified":"2025-09-22T03:55:46","modified_gmt":"2025-09-22T03:55:46","slug":"noutati","status":"publish","type":"page","link":"https:\/\/icco-emt-f30.macrosight.co\/en\/semiconductori\/news\/","title":{"rendered":"News"},"content":{"rendered":"<div data-elementor-type=\"wp-page\" data-elementor-id=\"15840\" class=\"elementor elementor-15840\" data-elementor-post-type=\"page\">\n\t\t\t\t        <section class=\"elementor-section elementor-top-section elementor-element elementor-element-dd6246f elementor-section-stretched elementor-section-full_width hero-header-video news-hero elementor-section-height-default elementor-section-height-default pxl-row-scroll-none pxl-zoom-point-false pxl-section-overflow-visible pxl-full-content-with-space-none\" data-id=\"dd6246f\" data-element_type=\"section\" data-settings=\"{&quot;stretch_section&quot;:&quot;section-stretched&quot;,&quot;background_background&quot;:&quot;video&quot;,&quot;background_video_start&quot;:0}\">\n\n                            <div class=\"elementor-background-overlay\"><\/div>\n            \n                <div class=\"elementor-container elementor-column-gap-extended\">\n                <div class=\"elementor-column elementor-col-100 elementor-top-column elementor-element elementor-element-642a0b7 pxl-column-none pxl-column-overflow-hidden-no\" data-id=\"642a0b7\" data-element_type=\"column\">\r\n        <div class=\"elementor-widget-wrap elementor-element-populated\">\r\n                     \r\n                <section class=\"elementor-section elementor-inner-section elementor-element elementor-element-27caaae elementor-section-boxed elementor-section-height-default elementor-section-height-default pxl-row-scroll-none pxl-zoom-point-false pxl-section-overflow-visible\" data-id=\"27caaae\" data-element_type=\"section\">\n\n                \n                <div class=\"elementor-container elementor-column-gap-default\">\n                <div class=\"elementor-column elementor-col-100 elementor-inner-column elementor-element elementor-element-198289f pxl-column-none pxl-column-overflow-hidden-no\" data-id=\"198289f\" data-element_type=\"column\" data-settings=\"{&quot;background_background&quot;:&quot;classic&quot;}\">\r\n        <div class=\"elementor-widget-wrap elementor-element-populated\">\r\n                                <div class=\"elementor-background-overlay\"><\/div>\r\n         \r\n        \t\t<div class=\"elementor-element elementor-element-aa6a662 typography-h1 elementor-widget elementor-widget-pxl_heading\" data-id=\"aa6a662\" data-element_type=\"widget\" data-widget_type=\"pxl_heading.default\">\n\t\t\t\t<div class=\"elementor-widget-container\">\n\t\t\t\t\t\n<div id=\"pxl-pxl_heading-aa6a662-5579\" class=\"pxl-heading px-sub-title-default-style\">\n\t<div class=\"pxl-heading--inner\">\n\t\t\n\t\t<h3 class=\"pxl-item--title style-default ft-gt highlight-default\" data-wow-delay=\"ms\">\n\t\t\t\t\t\t\tNews\t\n\t\t\t\t\n\t\t<\/h3>\n\t\t\n\t<\/div>\n<\/div>\t\t\t\t<\/div>\n\t\t\t\t<\/div>\n\t\t            <\/div>\r\n        <\/div>\r\n        \t\t\t<\/div>\n\t\t<\/section>\n\t\t            <\/div>\r\n        <\/div>\r\n        \t\t\t<\/div>\n\t\t<\/section>\n\t\t        <section class=\"elementor-section elementor-top-section elementor-element elementor-element-2e77d7c news-title elementor-section-boxed elementor-section-height-default elementor-section-height-default pxl-row-scroll-none pxl-zoom-point-false pxl-section-overflow-visible\" data-id=\"2e77d7c\" data-element_type=\"section\">\n\n                \n                <div class=\"elementor-container elementor-column-gap-default\">\n                <div class=\"elementor-column elementor-col-100 elementor-top-column elementor-element elementor-element-2014af2 pxl-column-none pxl-column-overflow-hidden-no\" data-id=\"2014af2\" data-element_type=\"column\">\r\n        <div class=\"elementor-widget-wrap elementor-element-populated\">\r\n                     \r\n        \t\t<div class=\"elementor-element elementor-element-ddb25b9 ft-gt typography-tag typography-h2 elementor-widget elementor-widget-pxl_heading\" data-id=\"ddb25b9\" data-element_type=\"widget\" data-widget_type=\"pxl_heading.default\">\n\t\t\t\t<div class=\"elementor-widget-container\">\n\t\t\t\t\t\n<div id=\"pxl-pxl_heading-ddb25b9-3874\" class=\"pxl-heading px-sub-title-default-style\">\n\t<div class=\"pxl-heading--inner\">\n\t\t\t\t\t<div class=\"pxl-item--subtitle px-sub-title-default\" data-wow-delay=\"ms\">\n\t\t\t\t<span class=\"pxl-item--subtext\">\n\t\t\t\t\t\t\t\t\t\tNEWS\t\t\t\t<\/span>\n\t\t\t<\/div>\n\t\t\n\t\t<h3 class=\"pxl-item--title style-default  highlight-default pxl-split-text split-in-fade\" data-wow-delay=\"ms\">\n\t\t\t\t\t\t\tCele mai noi actualiz\u0103ri\t\n\t\t\t\t\n\t\t<\/h3>\n\t\t\n\t<\/div>\n<\/div>\t\t\t\t<\/div>\n\t\t\t\t<\/div>\n\t\t\t\t<div class=\"elementor-element elementor-element-d3afd05 typography-body1 text-mediumgray elementor-widget elementor-widget-pxl_text_editor\" data-id=\"d3afd05\" data-element_type=\"widget\" data-widget_type=\"pxl_text_editor.default\">\n\t\t\t\t<div class=\"elementor-widget-container\">\n\t\t\t\t\t<div class=\"pxl-text-editor\">\n\t<div class=\"pxl-item--inner\" data-wow-delay=\"ms\">\n\t\t<p>R\u0103m\u00e2ne\u021bi la curent cu cele mai recente actualiz\u0103ri, proiecte \u0219i inova\u021bii \u00een care suntem implica\u021bi.<\/p>\t\t\n\t<\/div>\n<\/div>\t\t\t\t<\/div>\n\t\t\t\t<\/div>\n\t\t            <\/div>\r\n        <\/div>\r\n        \t\t\t<\/div>\n\t\t<\/section>\n\t\t        <section class=\"elementor-section elementor-top-section elementor-element elementor-element-eb3d4d0 section-article-grid grid-light elementor-section-boxed elementor-section-height-default elementor-section-height-default pxl-row-scroll-none pxl-zoom-point-false pxl-section-overflow-visible\" data-id=\"eb3d4d0\" data-element_type=\"section\" data-settings=\"{&quot;background_background&quot;:&quot;classic&quot;}\">\n\n                \n                <div class=\"elementor-container elementor-column-gap-default\">\n                <div class=\"elementor-column elementor-col-100 elementor-top-column elementor-element elementor-element-d4e8271 pxl-column-none pxl-column-overflow-hidden-no\" data-id=\"d4e8271\" data-element_type=\"column\">\r\n        <div class=\"elementor-widget-wrap elementor-element-populated\">\r\n                     \r\n        \t\t<div class=\"elementor-element elementor-element-f46febb pxl-post-layout-post-1 elementor-widget elementor-widget-pxl_post_grid\" data-id=\"f46febb\" data-element_type=\"widget\" data-widget_type=\"pxl_post_grid.default\">\n\t\t\t\t<div class=\"elementor-widget-container\">\n\t\t\t\t\t\n<div id=\"pxl_post_grid-f46febb-8284\" class=\"pxl-grid pxl-blog-grid pxl-blog-grid-layout1 pxl-blog-style1\" data-start-page=\"1\" data-max-pages=\"1\" data-total=\"2\" data-perpage=\"4\" data-next-link=\"\" data-loadmore=\"{&quot;tax&quot;:[&quot;category&quot;],&quot;post_type&quot;:&quot;post&quot;,&quot;layout&quot;:&quot;post-1&quot;,&quot;startPage&quot;:1,&quot;maxPages&quot;:1,&quot;total&quot;:2,&quot;filter&quot;:&quot;false&quot;,&quot;filter_type&quot;:&quot;normal&quot;,&quot;perpage&quot;:4,&quot;nextLink&quot;:&quot;&quot;,&quot;source&quot;:[&quot;semiconductori|category&quot;],&quot;orderby&quot;:&quot;date&quot;,&quot;order&quot;:&quot;desc&quot;,&quot;limit&quot;:4,&quot;post_ids&quot;:[],&quot;col_xl&quot;:6,&quot;col_lg&quot;:6,&quot;col_md&quot;:6,&quot;col_sm&quot;:12,&quot;col_xs&quot;:12,&quot;pagination_type&quot;:&quot;pagination&quot;,&quot;show_date&quot;:&quot;true&quot;,&quot;show_category&quot;:&quot;&quot;,&quot;show_author&quot;:&quot;&quot;,&quot;num_words&quot;:25,&quot;show_button&quot;:&quot;&quot;,&quot;show_excerpt&quot;:&quot;true&quot;,&quot;button_text&quot;:&quot;&quot;,&quot;img_size&quot;:&quot;&quot;,&quot;grid_masonry&quot;:&quot;&quot;,&quot;pxl_animate&quot;:&quot;&quot;}\" data-layout=\"masonry\">\n    \n    <div class=\"pxl-grid-inner pxl-grid-masonry row\" data-gutter=\"15\">\n        <div class=\"grid-sizer col-xl-6 col-lg-6 col-md-6 col-sm-12 col-12\"><\/div>\n                    <div class=\"pxl-grid-item col-xl-6 col-lg-6 col-md-6 col-sm-12 col-12 semiconductori smttht\">\n                <div class=\"pxl-post--inner\" data-wow-duration=\"1.2s\">\n                                        <div class=\"pxl-post--meta pxl-flex-middle\">\n                        \n                                                    <div class=\"post-date\">\n                                20 March 2024                            <\/div>\n                        \n                    <\/div>\n                    <div class=\"pxl-post--featured hover-imge-effect2\">\n                        <a href=\"https:\/\/icco-emt-f30.macrosight.co\/en\/smt-tht\/icco-emt-partener-al-industriei-romanesti-de-semiconductori\/\">\n                            <img fetchpriority=\"high\" decoding=\"async\" class=\"\" src=\"https:\/\/icco-emt-f30.macrosight.co\/wp-content\/uploads\/2025\/03\/ICCO-EMT-2-12-24-39-1-370x418.jpg\" width=\"370\" height=\"418\" alt=\"ICCO-EMT-2-12-24-39\" title=\"ICCO-EMT-2-12-24-39\" \/>                        <\/a>\n                        \n                    <\/div>\n                \n\n                <h3 class=\"pxl-post--title title-hover-line\"><a href=\"https:\/\/icco-emt-f30.macrosight.co\/en\/smt-tht\/icco-emt-partener-al-industriei-romanesti-de-semiconductori\/\">ICCO EMT Partners with the Romanian Semiconductor Industry<\/a><\/h3>\n                                    <div class=\"pxl-post--content\">\n                                                    ICCO EMT a contribuit la prima reu\u0219it\u0103 major\u0103 a industriei rom\u00e2ne\u0219ti de semiconductori, prin producerea a 216.000 pl\u0103cu\u021be programabile, cu scopul distribuirii lor \u00een \u0219colile&hellip;                                            <\/div>\n                                            <\/div>\n        <\/div>\n                    <div class=\"pxl-grid-item col-xl-6 col-lg-6 col-md-6 col-sm-12 col-12 semiconductori smttht\">\n                <div class=\"pxl-post--inner\" data-wow-duration=\"1.2s\">\n                                        <div class=\"pxl-post--meta pxl-flex-middle\">\n                        \n                                                    <div class=\"post-date\">\n                                13 February 2024                            <\/div>\n                        \n                    <\/div>\n                    <div class=\"pxl-post--featured hover-imge-effect2\">\n                        <a href=\"https:\/\/icco-emt-f30.macrosight.co\/en\/smt-tht\/icco-emt-obtine-certificarea-iatf-169492016\/\">\n                            <img decoding=\"async\" class=\"\" src=\"https:\/\/icco-emt-f30.macrosight.co\/wp-content\/uploads\/2025\/04\/image-45-370x418.png\" width=\"370\" height=\"418\" alt=\"image (45)\" title=\"image (45)\" \/>                        <\/a>\n                        \n                    <\/div>\n                \n\n                <h3 class=\"pxl-post--title title-hover-line\"><a href=\"https:\/\/icco-emt-f30.macrosight.co\/en\/smt-tht\/icco-emt-obtine-certificarea-iatf-169492016\/\">ICCO EMT Achieves IATF 16949:2016 Certification<\/a><\/h3>\n                                    <div class=\"pxl-post--content\">\n                                                    Pe l\u00e2ng\u0103 sistemul de management al calit\u0103\u021bii ISO 9001:2015, ICCO EMT a ob\u021binut \u00een 2023 certificarea IATF 16949:2016 - standardul interna\u021bional al sistemului de management&hellip;                                            <\/div>\n                                            <\/div>\n        <\/div>\n            <\/div>\n            <div class=\"pxl-grid-pagination\">\n                    <\/div>\n        <\/div>\t\t\t\t<\/div>\n\t\t\t\t<\/div>\n\t\t            <\/div>\r\n        <\/div>\r\n        \t\t\t<\/div>\n\t\t<\/section>\n\t\t\t\t<\/div>","protected":false},"excerpt":{"rendered":"<p>Nout\u0103\u021bi NOUT\u0102\u021aI Cele mai noi actualiz\u0103ri R\u0103m\u00e2ne\u021bi la curent cu cele mai recente actualiz\u0103ri, proiecte \u0219i inova\u021bii \u00een care suntem implica\u021bi. 20 March 2024 ICCO EMT partener al industriei rom\u00e2ne\u0219ti de semiconductori ICCO EMT a contribuit la prima reu\u0219it\u0103 major\u0103 a industriei rom\u00e2ne\u0219ti de semiconductori, prin producerea a 216.000 pl\u0103cu\u021be programabile, cu scopul distribuirii lor [&hellip;]<\/p>","protected":false},"author":1,"featured_media":27221,"parent":25663,"menu_order":0,"comment_status":"closed","ping_status":"closed","template":"","meta":{"_acf_changed":false,"footnotes":""},"class_list":["post-15840","page","type-page","status-publish","has-post-thumbnail","hentry"],"yoast_head":"<!-- This site is optimized with the Yoast SEO plugin v24.1 - https:\/\/yoast.com\/wordpress\/plugins\/seo\/ -->\n<title>\u0218tiri Semiconductori | Nout\u0103\u021bi fabricare cipuri | ICCO EMT Rom\u00e2nia<\/title>\n<meta name=\"description\" content=\"Actualit\u0103\u021bi industria semiconductorilor: echipamente noi implementate, tehnologii fabricare cipuri, evolu\u021bii \u00een procesarea wafer-elor \u0219i automatizare.\" \/>\n<meta name=\"robots\" content=\"noindex, follow, max-snippet:-1, max-image-preview:large, max-video-preview:-1\" \/>\n<meta property=\"og:locale\" content=\"en_US\" \/>\n<meta property=\"og:type\" content=\"article\" \/>\n<meta property=\"og:title\" content=\"\u0218tiri Semiconductori | Nout\u0103\u021bi fabricare cipuri | ICCO EMT Rom\u00e2nia\" \/>\n<meta property=\"og:description\" content=\"Actualit\u0103\u021bi industria semiconductorilor: echipamente noi implementate, tehnologii fabricare cipuri, evolu\u021bii \u00een procesarea wafer-elor \u0219i automatizare.\" \/>\n<meta property=\"og:url\" content=\"https:\/\/icco-emt-f30.macrosight.co\/en\/semiconductori\/news\/\" \/>\n<meta property=\"og:site_name\" content=\"ICCO EMT\" \/>\n<meta property=\"article:modified_time\" content=\"2025-09-22T03:55:46+00:00\" \/>\n<meta property=\"og:image\" content=\"https:\/\/icco-emt-f30.macrosight.co\/wp-content\/uploads\/2025\/09\/emt-semicon-meta-1.webp\" \/>\n\t<meta property=\"og:image:width\" content=\"1920\" \/>\n\t<meta property=\"og:image:height\" content=\"1121\" \/>\n\t<meta property=\"og:image:type\" content=\"image\/webp\" \/>\n<meta name=\"twitter:card\" content=\"summary_large_image\" \/>\n<meta name=\"twitter:label1\" content=\"Est. reading time\" \/>\n\t<meta name=\"twitter:data1\" content=\"1 minute\" \/>\n<script type=\"application\/ld+json\" class=\"yoast-schema-graph\">{\"@context\":\"https:\/\/schema.org\",\"@graph\":[{\"@type\":\"WebPage\",\"@id\":\"https:\/\/icco-emt-f30.macrosight.co\/en\/semiconductori\/news\/\",\"url\":\"https:\/\/icco-emt-f30.macrosight.co\/en\/semiconductori\/news\/\",\"name\":\"\u0218tiri Semiconductori | Nout\u0103\u021bi fabricare cipuri | ICCO EMT Rom\u00e2nia\",\"isPartOf\":{\"@id\":\"https:\/\/icco-emt-f30.macrosight.co\/en\/#website\"},\"primaryImageOfPage\":{\"@id\":\"https:\/\/icco-emt-f30.macrosight.co\/en\/semiconductori\/news\/#primaryimage\"},\"image\":{\"@id\":\"https:\/\/icco-emt-f30.macrosight.co\/en\/semiconductori\/news\/#primaryimage\"},\"thumbnailUrl\":\"https:\/\/icco-emt-f30.macrosight.co\/wp-content\/uploads\/2025\/09\/emt-semicon-meta-1.webp\",\"datePublished\":\"2024-12-13T10:54:04+00:00\",\"dateModified\":\"2025-09-22T03:55:46+00:00\",\"description\":\"Actualit\u0103\u021bi industria semiconductorilor: echipamente noi implementate, tehnologii fabricare cipuri, evolu\u021bii \u00een procesarea wafer-elor \u0219i automatizare.\",\"breadcrumb\":{\"@id\":\"https:\/\/icco-emt-f30.macrosight.co\/en\/semiconductori\/news\/#breadcrumb\"},\"inLanguage\":\"en-US\",\"potentialAction\":[{\"@type\":\"ReadAction\",\"target\":[\"https:\/\/icco-emt-f30.macrosight.co\/en\/semiconductori\/news\/\"]}]},{\"@type\":\"ImageObject\",\"inLanguage\":\"en-US\",\"@id\":\"https:\/\/icco-emt-f30.macrosight.co\/en\/semiconductori\/news\/#primaryimage\",\"url\":\"https:\/\/icco-emt-f30.macrosight.co\/wp-content\/uploads\/2025\/09\/emt-semicon-meta-1.webp\",\"contentUrl\":\"https:\/\/icco-emt-f30.macrosight.co\/wp-content\/uploads\/2025\/09\/emt-semicon-meta-1.webp\",\"width\":1920,\"height\":1121},{\"@type\":\"BreadcrumbList\",\"@id\":\"https:\/\/icco-emt-f30.macrosight.co\/en\/semiconductori\/news\/#breadcrumb\",\"itemListElement\":[{\"@type\":\"ListItem\",\"position\":1,\"name\":\"Home\",\"item\":\"https:\/\/icco-emt-f30.macrosight.co\/\"},{\"@type\":\"ListItem\",\"position\":2,\"name\":\"Semiconductori\",\"item\":\"https:\/\/icco-emt-f30.macrosight.co\/semiconductori\/\"},{\"@type\":\"ListItem\",\"position\":3,\"name\":\"Nout\u0103\u021bi\"}]},{\"@type\":\"WebSite\",\"@id\":\"https:\/\/icco-emt-f30.macrosight.co\/en\/#website\",\"url\":\"https:\/\/icco-emt-f30.macrosight.co\/en\/\",\"name\":\"ICCO EMT\",\"description\":\"\",\"publisher\":{\"@id\":\"https:\/\/icco-emt-f30.macrosight.co\/en\/#organization\"},\"inLanguage\":\"en-US\"},{\"@type\":\"Organization\",\"@id\":\"https:\/\/icco-emt-f30.macrosight.co\/en\/#organization\",\"name\":\"ICCO EMT\",\"url\":\"https:\/\/icco-emt-f30.macrosight.co\/en\/\",\"logo\":{\"@type\":\"ImageObject\",\"inLanguage\":\"en-US\",\"@id\":\"https:\/\/icco-emt-f30.macrosight.co\/en\/#\/schema\/logo\/image\/\",\"url\":\"https:\/\/icco-emt-f30.macrosight.co\/wp-content\/uploads\/2025\/02\/cropped-icco-512-light.png\",\"contentUrl\":\"https:\/\/icco-emt-f30.macrosight.co\/wp-content\/uploads\/2025\/02\/cropped-icco-512-light.png\",\"width\":512,\"height\":512,\"caption\":\"ICCO EMT\"},\"image\":{\"@id\":\"https:\/\/icco-emt-f30.macrosight.co\/en\/#\/schema\/logo\/image\/\"}}]}<\/script>\n<!-- \/ Yoast SEO plugin. -->","yoast_head_json":{"title":"\u0218tiri Semiconductori | Nout\u0103\u021bi fabricare cipuri | ICCO EMT Rom\u00e2nia","description":"Actualit\u0103\u021bi industria semiconductorilor: echipamente noi implementate, tehnologii fabricare cipuri, evolu\u021bii \u00een procesarea wafer-elor \u0219i automatizare.","robots":{"index":"noindex","follow":"follow","max-snippet":"max-snippet:-1","max-image-preview":"max-image-preview:large","max-video-preview":"max-video-preview:-1"},"og_locale":"en_US","og_type":"article","og_title":"\u0218tiri Semiconductori | Nout\u0103\u021bi fabricare cipuri | ICCO EMT Rom\u00e2nia","og_description":"Actualit\u0103\u021bi industria semiconductorilor: echipamente noi implementate, tehnologii fabricare cipuri, evolu\u021bii \u00een procesarea wafer-elor \u0219i automatizare.","og_url":"https:\/\/icco-emt-f30.macrosight.co\/en\/semiconductori\/news\/","og_site_name":"ICCO EMT","article_modified_time":"2025-09-22T03:55:46+00:00","og_image":[{"width":1920,"height":1121,"url":"https:\/\/icco-emt-f30.macrosight.co\/wp-content\/uploads\/2025\/09\/emt-semicon-meta-1.webp","type":"image\/webp"}],"twitter_card":"summary_large_image","twitter_misc":{"Est. reading time":"1 minute"},"schema":{"@context":"https:\/\/schema.org","@graph":[{"@type":"WebPage","@id":"https:\/\/icco-emt-f30.macrosight.co\/en\/semiconductori\/news\/","url":"https:\/\/icco-emt-f30.macrosight.co\/en\/semiconductori\/news\/","name":"\u0218tiri Semiconductori | Nout\u0103\u021bi fabricare cipuri | ICCO EMT Rom\u00e2nia","isPartOf":{"@id":"https:\/\/icco-emt-f30.macrosight.co\/en\/#website"},"primaryImageOfPage":{"@id":"https:\/\/icco-emt-f30.macrosight.co\/en\/semiconductori\/news\/#primaryimage"},"image":{"@id":"https:\/\/icco-emt-f30.macrosight.co\/en\/semiconductori\/news\/#primaryimage"},"thumbnailUrl":"https:\/\/icco-emt-f30.macrosight.co\/wp-content\/uploads\/2025\/09\/emt-semicon-meta-1.webp","datePublished":"2024-12-13T10:54:04+00:00","dateModified":"2025-09-22T03:55:46+00:00","description":"Actualit\u0103\u021bi industria semiconductorilor: echipamente noi implementate, tehnologii fabricare cipuri, evolu\u021bii \u00een procesarea wafer-elor \u0219i automatizare.","breadcrumb":{"@id":"https:\/\/icco-emt-f30.macrosight.co\/en\/semiconductori\/news\/#breadcrumb"},"inLanguage":"en-US","potentialAction":[{"@type":"ReadAction","target":["https:\/\/icco-emt-f30.macrosight.co\/en\/semiconductori\/news\/"]}]},{"@type":"ImageObject","inLanguage":"en-US","@id":"https:\/\/icco-emt-f30.macrosight.co\/en\/semiconductori\/news\/#primaryimage","url":"https:\/\/icco-emt-f30.macrosight.co\/wp-content\/uploads\/2025\/09\/emt-semicon-meta-1.webp","contentUrl":"https:\/\/icco-emt-f30.macrosight.co\/wp-content\/uploads\/2025\/09\/emt-semicon-meta-1.webp","width":1920,"height":1121},{"@type":"BreadcrumbList","@id":"https:\/\/icco-emt-f30.macrosight.co\/en\/semiconductori\/news\/#breadcrumb","itemListElement":[{"@type":"ListItem","position":1,"name":"Home","item":"https:\/\/icco-emt-f30.macrosight.co\/"},{"@type":"ListItem","position":2,"name":"Semiconductori","item":"https:\/\/icco-emt-f30.macrosight.co\/semiconductori\/"},{"@type":"ListItem","position":3,"name":"Nout\u0103\u021bi"}]},{"@type":"WebSite","@id":"https:\/\/icco-emt-f30.macrosight.co\/en\/#website","url":"https:\/\/icco-emt-f30.macrosight.co\/en\/","name":"ICCO EMT","description":"","publisher":{"@id":"https:\/\/icco-emt-f30.macrosight.co\/en\/#organization"},"inLanguage":"en-US"},{"@type":"Organization","@id":"https:\/\/icco-emt-f30.macrosight.co\/en\/#organization","name":"ICCO EMT","url":"https:\/\/icco-emt-f30.macrosight.co\/en\/","logo":{"@type":"ImageObject","inLanguage":"en-US","@id":"https:\/\/icco-emt-f30.macrosight.co\/en\/#\/schema\/logo\/image\/","url":"https:\/\/icco-emt-f30.macrosight.co\/wp-content\/uploads\/2025\/02\/cropped-icco-512-light.png","contentUrl":"https:\/\/icco-emt-f30.macrosight.co\/wp-content\/uploads\/2025\/02\/cropped-icco-512-light.png","width":512,"height":512,"caption":"ICCO EMT"},"image":{"@id":"https:\/\/icco-emt-f30.macrosight.co\/en\/#\/schema\/logo\/image\/"}}]}},"acf":[],"_links":{"self":[{"href":"https:\/\/icco-emt-f30.macrosight.co\/en\/wp-json\/wp\/v2\/pages\/15840","targetHints":{"allow":["GET"]}}],"collection":[{"href":"https:\/\/icco-emt-f30.macrosight.co\/en\/wp-json\/wp\/v2\/pages"}],"about":[{"href":"https:\/\/icco-emt-f30.macrosight.co\/en\/wp-json\/wp\/v2\/types\/page"}],"author":[{"embeddable":true,"href":"https:\/\/icco-emt-f30.macrosight.co\/en\/wp-json\/wp\/v2\/users\/1"}],"replies":[{"embeddable":true,"href":"https:\/\/icco-emt-f30.macrosight.co\/en\/wp-json\/wp\/v2\/comments?post=15840"}],"version-history":[{"count":6,"href":"https:\/\/icco-emt-f30.macrosight.co\/en\/wp-json\/wp\/v2\/pages\/15840\/revisions"}],"predecessor-version":[{"id":27208,"href":"https:\/\/icco-emt-f30.macrosight.co\/en\/wp-json\/wp\/v2\/pages\/15840\/revisions\/27208"}],"up":[{"embeddable":true,"href":"https:\/\/icco-emt-f30.macrosight.co\/en\/wp-json\/wp\/v2\/pages\/25663"}],"wp:featuredmedia":[{"embeddable":true,"href":"https:\/\/icco-emt-f30.macrosight.co\/en\/wp-json\/wp\/v2\/media\/27221"}],"wp:attachment":[{"href":"https:\/\/icco-emt-f30.macrosight.co\/en\/wp-json\/wp\/v2\/media?parent=15840"}],"curies":[{"name":"wp","href":"https:\/\/api.w.org\/{rel}","templated":true}]}}