{"id":26627,"date":"2025-04-18T12:19:18","date_gmt":"2025-04-18T12:19:18","guid":{"rendered":"https:\/\/icco-emt-f30.macrosight.co\/?page_id=26627"},"modified":"2025-09-22T03:58:34","modified_gmt":"2025-09-22T03:58:34","slug":"consumabile","status":"publish","type":"page","link":"https:\/\/icco-emt-f30.macrosight.co\/en\/smt-tht\/consumabile\/","title":{"rendered":"Consumabile"},"content":{"rendered":"<div data-elementor-type=\"wp-page\" data-elementor-id=\"26627\" class=\"elementor elementor-26627\" data-elementor-post-type=\"page\">\n\t\t\t\t        <section class=\"elementor-section elementor-top-section elementor-element elementor-element-dd6246f elementor-section-stretched elementor-section-full_width hero-header-video companies-hero elementor-section-height-default elementor-section-height-default pxl-row-scroll-none pxl-zoom-point-false pxl-section-overflow-visible pxl-full-content-with-space-none\" data-id=\"dd6246f\" data-element_type=\"section\" data-settings=\"{&quot;stretch_section&quot;:&quot;section-stretched&quot;,&quot;background_background&quot;:&quot;video&quot;,&quot;background_video_start&quot;:0}\">\n\n                            <div class=\"elementor-background-overlay\"><\/div>\n            \n                <div class=\"elementor-container elementor-column-gap-extended\">\n                <div class=\"elementor-column elementor-col-100 elementor-top-column elementor-element elementor-element-642a0b7 pxl-column-none pxl-column-overflow-hidden-no\" data-id=\"642a0b7\" data-element_type=\"column\">\r\n        <div class=\"elementor-widget-wrap elementor-element-populated\">\r\n                     \r\n                <section class=\"elementor-section elementor-inner-section elementor-element elementor-element-27caaae elementor-section-boxed elementor-section-height-default elementor-section-height-default pxl-row-scroll-none pxl-zoom-point-false pxl-section-overflow-visible\" data-id=\"27caaae\" data-element_type=\"section\">\n\n                \n                <div class=\"elementor-container elementor-column-gap-default\">\n                <div class=\"elementor-column elementor-col-100 elementor-inner-column elementor-element elementor-element-198289f pxl-column-none pxl-column-overflow-hidden-no\" data-id=\"198289f\" data-element_type=\"column\" data-settings=\"{&quot;background_background&quot;:&quot;classic&quot;}\">\r\n        <div class=\"elementor-widget-wrap elementor-element-populated\">\r\n                                <div class=\"elementor-background-overlay\"><\/div>\r\n         \r\n        \t\t<div class=\"elementor-element elementor-element-aa6a662 typography-h1 elementor-widget elementor-widget-pxl_heading\" data-id=\"aa6a662\" data-element_type=\"widget\" data-widget_type=\"pxl_heading.default\">\n\t\t\t\t<div class=\"elementor-widget-container\">\n\t\t\t\t\t\n<div id=\"pxl-pxl_heading-aa6a662-1089\" class=\"pxl-heading px-sub-title-default-style\">\n\t<div class=\"pxl-heading--inner\">\n\t\t\n\t\t<h3 class=\"pxl-item--title style-default  highlight-default\" data-wow-delay=\"ms\">\n\t\t\t\t\t\t\tConsumabile\t\n\t\t\t\t\n\t\t<\/h3>\n\t\t\n\t<\/div>\n<\/div>\t\t\t\t<\/div>\n\t\t\t\t<\/div>\n\t\t\t\t<div class=\"elementor-element elementor-element-2c3f162 elementor-widget elementor-widget-shortcode\" data-id=\"2c3f162\" data-element_type=\"widget\" data-widget_type=\"shortcode.default\">\n\t\t\t\t<div class=\"elementor-widget-container\">\n\t\t\t\t\t\t\t<div class=\"elementor-shortcode\"><\/div>\n\t\t\t\t\t\t<\/div>\n\t\t\t\t<\/div>\n\t\t            <\/div>\r\n        <\/div>\r\n        \t\t\t<\/div>\n\t\t<\/section>\n\t\t            <\/div>\r\n        <\/div>\r\n        \t\t\t<\/div>\n\t\t<\/section>\n\t\t        <section class=\"elementor-section elementor-top-section elementor-element elementor-element-c6f1150 products-section dark elementor-section-boxed elementor-section-height-default elementor-section-height-default pxl-row-scroll-none pxl-zoom-point-false pxl-section-overflow-visible\" data-id=\"c6f1150\" data-element_type=\"section\">\n\n                \n                <div class=\"elementor-container elementor-column-gap-default\">\n                <div class=\"elementor-column elementor-col-50 elementor-top-column elementor-element elementor-element-93d03d3 filters-column pxl-column-none pxl-column-overflow-hidden-no\" data-id=\"93d03d3\" data-element_type=\"column\">\r\n        <div class=\"elementor-widget-wrap elementor-element-populated\">\r\n                     \r\n        \t\t<div class=\"elementor-element elementor-element-8a4afbc elementor-widget elementor-widget-shortcode\" data-id=\"8a4afbc\" data-element_type=\"widget\" data-widget_type=\"shortcode.default\">\n\t\t\t\t<div class=\"elementor-widget-container\">\n\t\t\t\t\t\t\t<div class=\"elementor-shortcode\"><\/div>\n\t\t\t\t\t\t<\/div>\n\t\t\t\t<\/div>\n\t\t        <section class=\"elementor-section elementor-inner-section elementor-element elementor-element-606416d contact-details elementor-section-boxed elementor-section-height-default elementor-section-height-default pxl-row-scroll-none pxl-zoom-point-false pxl-section-overflow-visible\" data-id=\"606416d\" data-element_type=\"section\" data-settings=\"{&quot;background_background&quot;:&quot;classic&quot;}\">\n\n                \n                <div class=\"elementor-container elementor-column-gap-default\">\n                <div class=\"elementor-column elementor-col-100 elementor-inner-column elementor-element elementor-element-07fd46d pxl-column-none pxl-column-overflow-hidden-no\" data-id=\"07fd46d\" data-element_type=\"column\">\r\n        <div class=\"elementor-widget-wrap elementor-element-populated\">\r\n                     \r\n        \t\t<div class=\"elementor-element elementor-element-71016a2 typography-h5 elementor-widget elementor-widget-pxl_heading\" data-id=\"71016a2\" data-element_type=\"widget\" data-widget_type=\"pxl_heading.default\">\n\t\t\t\t<div class=\"elementor-widget-container\">\n\t\t\t\t\t\n<div id=\"pxl-pxl_heading-71016a2-7142\" class=\"pxl-heading px-sub-title-default-style\">\n\t<div class=\"pxl-heading--inner\">\n\t\t\n\t\t<h3 class=\"pxl-item--title style-default  highlight-default\" data-wow-delay=\"ms\">\n\t\t\t\t\t\t\tSuntem la dispozi\u021bia dumneavoastr\u0103\t\n\t\t\t\t\n\t\t<\/h3>\n\t\t\n\t<\/div>\n<\/div>\t\t\t\t<\/div>\n\t\t\t\t<\/div>\n\t\t\t\t<div class=\"elementor-element elementor-element-c95263d typography-body1 elementor-widget elementor-widget-pxl_text_editor\" data-id=\"c95263d\" data-element_type=\"widget\" data-widget_type=\"pxl_text_editor.default\">\n\t\t\t\t<div class=\"elementor-widget-container\">\n\t\t\t\t\t<div class=\"pxl-text-editor\">\n\t<div class=\"pxl-item--inner\" data-wow-delay=\"ms\">\n\t\t<p>Vre\u021bi s\u0103 afla\u021bi mai multe despre companie sau s\u0103 intra\u021bi \u00een leg\u0103tura cu noi? Scrie\u021bi-ne \u0219i v\u0103 vom r\u0103spunde \u00een scurt timp.<\/p>\t\t\n\t<\/div>\n<\/div>\t\t\t\t<\/div>\n\t\t\t\t<\/div>\n\t\t\t\t<div class=\"elementor-element elementor-element-b4e3cd2 button-contact elementor-widget elementor-widget-pxl_text_editor\" data-id=\"b4e3cd2\" data-element_type=\"widget\" data-widget_type=\"pxl_text_editor.default\">\n\t\t\t\t<div class=\"elementor-widget-container\">\n\t\t\t\t\t<div class=\"pxl-text-editor\">\n\t<div class=\"pxl-item--inner\" data-wow-delay=\"ms\">\n\t\t<p><a href=\"\/en\/smt-tht\/contact\/\">Formular contact <img decoding=\"async\" class=\"alignnone size-full wp-image-26478\" src=\"https:\/\/icco-emt-f30.macrosight.co\/wp-content\/uploads\/2025\/04\/Frame-27.svg\" alt=\"\" width=\"24\" height=\"24\" \/><\/a><\/p>\t\t\n\t<\/div>\n<\/div>\t\t\t\t<\/div>\n\t\t\t\t<\/div>\n\t\t            <\/div>\r\n        <\/div>\r\n        \t\t\t<\/div>\n\t\t<\/section>\n\t\t            <\/div>\r\n        <\/div>\r\n                <div class=\"elementor-column elementor-col-50 elementor-top-column elementor-element elementor-element-76bcc1c products-grid-column pxl-column-none pxl-column-overflow-hidden-no\" data-id=\"76bcc1c\" data-element_type=\"column\">\r\n        <div class=\"elementor-widget-wrap elementor-element-populated\">\r\n                     \r\n        \t\t<div class=\"elementor-element elementor-element-8cdd544 elementor-widget elementor-widget-shortcode\" data-id=\"8cdd544\" data-element_type=\"widget\" data-widget_type=\"shortcode.default\">\n\t\t\t\t<div class=\"elementor-widget-container\">\n\t\t\t\t\t\t\t<div class=\"elementor-shortcode\"><\/div>\n\t\t\t\t\t\t<\/div>\n\t\t\t\t<\/div>\n\t\t\t\t<div class=\"elementor-element elementor-element-0c18332 brand-details elementor-widget elementor-widget-shortcode\" data-id=\"0c18332\" data-element_type=\"widget\" data-widget_type=\"shortcode.default\">\n\t\t\t\t<div class=\"elementor-widget-container\">\n\t\t\t\t\t\t\t<div class=\"elementor-shortcode\"><div class=\"woocommerce-category-list\"><div class=\"woocommerce-category category-nutek-produse-semi\"><div class=\"category-images-container\"><img decoding=\"async\" class=\"category-logo\" src=\"https:\/\/icco-emt-f30.macrosight.co\/wp-content\/uploads\/2025\/04\/Path-708.svg\" alt=\"Nutek\"><div class=\"featured-img\"><img fetchpriority=\"high\" decoding=\"async\" class=\"alignnone wp-image-26774 size-full\" src=\"https:\/\/icco-emt-f30.macrosight.co\/wp-content\/uploads\/2025\/04\/watch_vnThJ3WOiV44.png\" alt=\"\" width=\"1260\" height=\"690\" srcset=\"https:\/\/icco-emt-f30.macrosight.co\/wp-content\/uploads\/2025\/04\/watch_vnThJ3WOiV44.png 1260w, https:\/\/icco-emt-f30.macrosight.co\/wp-content\/uploads\/2025\/04\/watch_vnThJ3WOiV44-600x329.png 600w, https:\/\/icco-emt-f30.macrosight.co\/wp-content\/uploads\/2025\/04\/watch_vnThJ3WOiV44-300x164.png 300w, https:\/\/icco-emt-f30.macrosight.co\/wp-content\/uploads\/2025\/04\/watch_vnThJ3WOiV44-1024x561.png 1024w, https:\/\/icco-emt-f30.macrosight.co\/wp-content\/uploads\/2025\/04\/watch_vnThJ3WOiV44-768x421.png 768w, https:\/\/icco-emt-f30.macrosight.co\/wp-content\/uploads\/2025\/04\/watch_vnThJ3WOiV44-18x10.png 18w, https:\/\/icco-emt-f30.macrosight.co\/wp-content\/uploads\/2025\/04\/watch_vnThJ3WOiV44-1170x641.png 1170w\" sizes=\"(max-width: 1260px) 100vw, 1260px\" \/><\/div><\/div><div class=\"category-text-container\"><p class=\"short-desc\">Nutek Europe este un furnizor lider de echipamente automatizate pentru manipularea \u0219i trasabilitatea PCB-urilor, servind pie\u021bele europene, africane \u0219i din Orientul Mijlociu cu solu\u021bii inovatoare de peste 30 de ani.<\/p><\/div><\/div><div class=\"woocommerce-category category-produse-semi category-nutek-produse-semi\"><div class=\"category-images-container\"><img decoding=\"async\" class=\"category-logo\" src=\"https:\/\/icco-emt-f30.macrosight.co\/wp-content\/uploads\/2024\/04\/agriculture.svg\" alt=\"Products\"><\/div><div class=\"category-text-container\"><\/div><\/div><div class=\"woocommerce-category category-semiconductori category-produse-semi\"><div class=\"category-images-container\"><img decoding=\"async\" class=\"category-logo\" src=\"https:\/\/icco-emt-f30.macrosight.co\/wp-content\/uploads\/2024\/04\/agriculture.svg\" alt=\"Semiconductori\"><\/div><div class=\"category-text-container\"><\/div><\/div><\/div><\/div>\n\t\t\t\t\t\t<\/div>\n\t\t\t\t<\/div>\n\t\t            <\/div>\r\n        <\/div>\r\n        \t\t\t<\/div>\n\t\t<\/section>\n\t\t\t\t<\/div>","protected":false},"excerpt":{"rendered":"<p>Consumabile Suntem la dispozi\u021bia dumneavoastr\u0103 Vre\u021bi s\u0103 afla\u021bi mai multe despre companie sau s\u0103 intra\u021bi \u00een leg\u0103tura cu noi? Scrie\u021bi-ne \u0219i v\u0103 vom r\u0103spunde \u00een scurt timp. Formular contact<\/p>","protected":false},"author":1,"featured_media":27220,"parent":24770,"menu_order":0,"comment_status":"closed","ping_status":"closed","template":"","meta":{"_acf_changed":false,"footnotes":""},"class_list":["post-26627","page","type-page","status-publish","has-post-thumbnail","hentry"],"yoast_head":"<!-- This site is optimized with the Yoast SEO plugin v24.1 - https:\/\/yoast.com\/wordpress\/plugins\/seo\/ -->\n<title>Produse - Echipamente medicale<\/title>\n<meta name=\"robots\" content=\"noindex, follow, max-snippet:-1, max-image-preview:large, max-video-preview:-1\" \/>\n<meta property=\"og:locale\" content=\"en_US\" \/>\n<meta property=\"og:type\" content=\"article\" \/>\n<meta property=\"og:title\" content=\"Produse - Echipamente medicale\" \/>\n<meta property=\"og:description\" content=\"Consumabile Suntem la dispozi\u021bia dumneavoastr\u0103 Vre\u021bi s\u0103 afla\u021bi mai multe despre companie sau s\u0103 intra\u021bi \u00een leg\u0103tura cu noi? Scrie\u021bi-ne \u0219i v\u0103 vom r\u0103spunde \u00een scurt timp. Formular contact\" \/>\n<meta property=\"og:url\" content=\"https:\/\/icco-emt-f30.macrosight.co\/en\/smt-tht\/consumabile\/\" \/>\n<meta property=\"og:site_name\" content=\"ICCO EMT\" \/>\n<meta property=\"article:modified_time\" content=\"2025-09-22T03:58:34+00:00\" \/>\n<meta property=\"og:image\" content=\"https:\/\/icco-emt-f30.macrosight.co\/wp-content\/uploads\/2025\/02\/icco-meta-shares.webp\" \/>\n\t<meta property=\"og:image:width\" content=\"2382\" \/>\n\t<meta property=\"og:image:height\" content=\"1244\" \/>\n\t<meta property=\"og:image:type\" content=\"image\/webp\" \/>\n<meta name=\"twitter:card\" content=\"summary_large_image\" \/>\n<meta name=\"twitter:label1\" content=\"Est. reading time\" \/>\n\t<meta name=\"twitter:data1\" content=\"1 minute\" \/>\n<script type=\"application\/ld+json\" class=\"yoast-schema-graph\">{\"@context\":\"https:\/\/schema.org\",\"@graph\":[{\"@type\":\"WebPage\",\"@id\":\"https:\/\/icco-emt-f30.macrosight.co\/en\/smt-tht\/consumabile\/\",\"url\":\"https:\/\/icco-emt-f30.macrosight.co\/en\/smt-tht\/consumabile\/\",\"name\":\"Produse - Echipamente medicale\",\"isPartOf\":{\"@id\":\"https:\/\/icco-emt-f30.macrosight.co\/en\/#website\"},\"primaryImageOfPage\":{\"@id\":\"https:\/\/icco-emt-f30.macrosight.co\/en\/smt-tht\/consumabile\/#primaryimage\"},\"image\":{\"@id\":\"https:\/\/icco-emt-f30.macrosight.co\/en\/smt-tht\/consumabile\/#primaryimage\"},\"thumbnailUrl\":\"https:\/\/icco-emt-f30.macrosight.co\/wp-content\/uploads\/2025\/09\/emt-smt-meta-1.webp-1.webp\",\"datePublished\":\"2025-04-18T12:19:18+00:00\",\"dateModified\":\"2025-09-22T03:58:34+00:00\",\"breadcrumb\":{\"@id\":\"https:\/\/icco-emt-f30.macrosight.co\/en\/smt-tht\/consumabile\/#breadcrumb\"},\"inLanguage\":\"en-US\",\"potentialAction\":[{\"@type\":\"ReadAction\",\"target\":[\"https:\/\/icco-emt-f30.macrosight.co\/en\/smt-tht\/consumabile\/\"]}]},{\"@type\":\"ImageObject\",\"inLanguage\":\"en-US\",\"@id\":\"https:\/\/icco-emt-f30.macrosight.co\/en\/smt-tht\/consumabile\/#primaryimage\",\"url\":\"https:\/\/icco-emt-f30.macrosight.co\/wp-content\/uploads\/2025\/09\/emt-smt-meta-1.webp-1.webp\",\"contentUrl\":\"https:\/\/icco-emt-f30.macrosight.co\/wp-content\/uploads\/2025\/09\/emt-smt-meta-1.webp-1.webp\",\"width\":1920,\"height\":1116},{\"@type\":\"BreadcrumbList\",\"@id\":\"https:\/\/icco-emt-f30.macrosight.co\/en\/smt-tht\/consumabile\/#breadcrumb\",\"itemListElement\":[{\"@type\":\"ListItem\",\"position\":1,\"name\":\"Home\",\"item\":\"https:\/\/icco-emt-f30.macrosight.co\/\"},{\"@type\":\"ListItem\",\"position\":2,\"name\":\"SMT &#038; THT\",\"item\":\"https:\/\/icco-emt-f30.macrosight.co\/smt-tht\/\"},{\"@type\":\"ListItem\",\"position\":3,\"name\":\"Consumabile\"}]},{\"@type\":\"WebSite\",\"@id\":\"https:\/\/icco-emt-f30.macrosight.co\/en\/#website\",\"url\":\"https:\/\/icco-emt-f30.macrosight.co\/en\/\",\"name\":\"ICCO EMT\",\"description\":\"\",\"publisher\":{\"@id\":\"https:\/\/icco-emt-f30.macrosight.co\/en\/#organization\"},\"inLanguage\":\"en-US\"},{\"@type\":\"Organization\",\"@id\":\"https:\/\/icco-emt-f30.macrosight.co\/en\/#organization\",\"name\":\"ICCO EMT\",\"url\":\"https:\/\/icco-emt-f30.macrosight.co\/en\/\",\"logo\":{\"@type\":\"ImageObject\",\"inLanguage\":\"en-US\",\"@id\":\"https:\/\/icco-emt-f30.macrosight.co\/en\/#\/schema\/logo\/image\/\",\"url\":\"https:\/\/icco-emt-f30.macrosight.co\/wp-content\/uploads\/2025\/02\/cropped-icco-512-light.png\",\"contentUrl\":\"https:\/\/icco-emt-f30.macrosight.co\/wp-content\/uploads\/2025\/02\/cropped-icco-512-light.png\",\"width\":512,\"height\":512,\"caption\":\"ICCO EMT\"},\"image\":{\"@id\":\"https:\/\/icco-emt-f30.macrosight.co\/en\/#\/schema\/logo\/image\/\"}}]}<\/script>\n<!-- \/ Yoast SEO plugin. -->","yoast_head_json":{"title":"Produse - Echipamente medicale","robots":{"index":"noindex","follow":"follow","max-snippet":"max-snippet:-1","max-image-preview":"max-image-preview:large","max-video-preview":"max-video-preview:-1"},"og_locale":"en_US","og_type":"article","og_title":"Produse - Echipamente medicale","og_description":"Consumabile Suntem la dispozi\u021bia dumneavoastr\u0103 Vre\u021bi s\u0103 afla\u021bi mai multe despre companie sau s\u0103 intra\u021bi \u00een leg\u0103tura cu noi? Scrie\u021bi-ne \u0219i v\u0103 vom r\u0103spunde \u00een scurt timp. Formular contact","og_url":"https:\/\/icco-emt-f30.macrosight.co\/en\/smt-tht\/consumabile\/","og_site_name":"ICCO EMT","article_modified_time":"2025-09-22T03:58:34+00:00","og_image":[{"width":2382,"height":1244,"url":"https:\/\/icco-emt-f30.macrosight.co\/wp-content\/uploads\/2025\/02\/icco-meta-shares.webp","type":"image\/webp"}],"twitter_card":"summary_large_image","twitter_misc":{"Est. reading time":"1 minute"},"schema":{"@context":"https:\/\/schema.org","@graph":[{"@type":"WebPage","@id":"https:\/\/icco-emt-f30.macrosight.co\/en\/smt-tht\/consumabile\/","url":"https:\/\/icco-emt-f30.macrosight.co\/en\/smt-tht\/consumabile\/","name":"Produse - Echipamente medicale","isPartOf":{"@id":"https:\/\/icco-emt-f30.macrosight.co\/en\/#website"},"primaryImageOfPage":{"@id":"https:\/\/icco-emt-f30.macrosight.co\/en\/smt-tht\/consumabile\/#primaryimage"},"image":{"@id":"https:\/\/icco-emt-f30.macrosight.co\/en\/smt-tht\/consumabile\/#primaryimage"},"thumbnailUrl":"https:\/\/icco-emt-f30.macrosight.co\/wp-content\/uploads\/2025\/09\/emt-smt-meta-1.webp-1.webp","datePublished":"2025-04-18T12:19:18+00:00","dateModified":"2025-09-22T03:58:34+00:00","breadcrumb":{"@id":"https:\/\/icco-emt-f30.macrosight.co\/en\/smt-tht\/consumabile\/#breadcrumb"},"inLanguage":"en-US","potentialAction":[{"@type":"ReadAction","target":["https:\/\/icco-emt-f30.macrosight.co\/en\/smt-tht\/consumabile\/"]}]},{"@type":"ImageObject","inLanguage":"en-US","@id":"https:\/\/icco-emt-f30.macrosight.co\/en\/smt-tht\/consumabile\/#primaryimage","url":"https:\/\/icco-emt-f30.macrosight.co\/wp-content\/uploads\/2025\/09\/emt-smt-meta-1.webp-1.webp","contentUrl":"https:\/\/icco-emt-f30.macrosight.co\/wp-content\/uploads\/2025\/09\/emt-smt-meta-1.webp-1.webp","width":1920,"height":1116},{"@type":"BreadcrumbList","@id":"https:\/\/icco-emt-f30.macrosight.co\/en\/smt-tht\/consumabile\/#breadcrumb","itemListElement":[{"@type":"ListItem","position":1,"name":"Home","item":"https:\/\/icco-emt-f30.macrosight.co\/"},{"@type":"ListItem","position":2,"name":"SMT &#038; THT","item":"https:\/\/icco-emt-f30.macrosight.co\/smt-tht\/"},{"@type":"ListItem","position":3,"name":"Consumabile"}]},{"@type":"WebSite","@id":"https:\/\/icco-emt-f30.macrosight.co\/en\/#website","url":"https:\/\/icco-emt-f30.macrosight.co\/en\/","name":"ICCO EMT","description":"","publisher":{"@id":"https:\/\/icco-emt-f30.macrosight.co\/en\/#organization"},"inLanguage":"en-US"},{"@type":"Organization","@id":"https:\/\/icco-emt-f30.macrosight.co\/en\/#organization","name":"ICCO EMT","url":"https:\/\/icco-emt-f30.macrosight.co\/en\/","logo":{"@type":"ImageObject","inLanguage":"en-US","@id":"https:\/\/icco-emt-f30.macrosight.co\/en\/#\/schema\/logo\/image\/","url":"https:\/\/icco-emt-f30.macrosight.co\/wp-content\/uploads\/2025\/02\/cropped-icco-512-light.png","contentUrl":"https:\/\/icco-emt-f30.macrosight.co\/wp-content\/uploads\/2025\/02\/cropped-icco-512-light.png","width":512,"height":512,"caption":"ICCO EMT"},"image":{"@id":"https:\/\/icco-emt-f30.macrosight.co\/en\/#\/schema\/logo\/image\/"}}]}},"acf":[],"_links":{"self":[{"href":"https:\/\/icco-emt-f30.macrosight.co\/en\/wp-json\/wp\/v2\/pages\/26627","targetHints":{"allow":["GET"]}}],"collection":[{"href":"https:\/\/icco-emt-f30.macrosight.co\/en\/wp-json\/wp\/v2\/pages"}],"about":[{"href":"https:\/\/icco-emt-f30.macrosight.co\/en\/wp-json\/wp\/v2\/types\/page"}],"author":[{"embeddable":true,"href":"https:\/\/icco-emt-f30.macrosight.co\/en\/wp-json\/wp\/v2\/users\/1"}],"replies":[{"embeddable":true,"href":"https:\/\/icco-emt-f30.macrosight.co\/en\/wp-json\/wp\/v2\/comments?post=26627"}],"version-history":[{"count":2,"href":"https:\/\/icco-emt-f30.macrosight.co\/en\/wp-json\/wp\/v2\/pages\/26627\/revisions"}],"predecessor-version":[{"id":27227,"href":"https:\/\/icco-emt-f30.macrosight.co\/en\/wp-json\/wp\/v2\/pages\/26627\/revisions\/27227"}],"up":[{"embeddable":true,"href":"https:\/\/icco-emt-f30.macrosight.co\/en\/wp-json\/wp\/v2\/pages\/24770"}],"wp:featuredmedia":[{"embeddable":true,"href":"https:\/\/icco-emt-f30.macrosight.co\/en\/wp-json\/wp\/v2\/media\/27220"}],"wp:attachment":[{"href":"https:\/\/icco-emt-f30.macrosight.co\/en\/wp-json\/wp\/v2\/media?parent=26627"}],"curies":[{"name":"wp","href":"https:\/\/api.w.org\/{rel}","templated":true}]}}